{"id":124,"date":"2026-03-15T21:18:35","date_gmt":"2026-03-15T20:18:35","guid":{"rendered":"https:\/\/armyeats.pl\/?post_type=product&#038;p=124"},"modified":"2026-03-20T18:35:52","modified_gmt":"2026-03-20T17:35:52","slug":"kapsalon-danie-zapiekane","status":"publish","type":"product","link":"https:\/\/armyeats.pl\/index.php\/produkt\/kapsalon-danie-zapiekane\/","title":{"rendered":"KAPSALON DANIE ZAPIEKANE &#8211; BAKED KAPSALON"},"content":{"rendered":"","protected":false},"excerpt":{"rendered":"<p>mi\u0119so kurczak lub ciel\u0119cina, frytki, sur\u00f3wki, sos, ser<\/p>\n","protected":false},"featured_media":125,"comment_status":"open","ping_status":"closed","template":"","meta":{"jetpack_publicize_message":"","jetpack_publicize_feature_enabled":true,"jetpack_social_post_already_shared":false,"jetpack_social_options":{"image_generator_settings":{"template":"highway","default_image_id":0,"font":"","enabled":false},"version":2}},"product_brand":[],"product_cat":[17],"product_tag":[],"class_list":{"0":"post-124","1":"product","2":"type-product","3":"status-publish","4":"has-post-thumbnail","6":"product_cat-city-kebab","8":"first","9":"instock","10":"taxable","11":"shipping-taxable","12":"purchasable","13":"product-type-variable"},"jetpack_publicize_connections":[],"jetpack_sharing_enabled":true,"_links":{"self":[{"href":"https:\/\/armyeats.pl\/index.php\/wp-json\/wp\/v2\/product\/124","targetHints":{"allow":["GET"]}}],"collection":[{"href":"https:\/\/armyeats.pl\/index.php\/wp-json\/wp\/v2\/product"}],"about":[{"href":"https:\/\/armyeats.pl\/index.php\/wp-json\/wp\/v2\/types\/product"}],"replies":[{"embeddable":true,"href":"https:\/\/armyeats.pl\/index.php\/wp-json\/wp\/v2\/comments?post=124"}],"wp:featuredmedia":[{"embeddable":true,"href":"https:\/\/armyeats.pl\/index.php\/wp-json\/wp\/v2\/media\/125"}],"wp:attachment":[{"href":"https:\/\/armyeats.pl\/index.php\/wp-json\/wp\/v2\/media?parent=124"}],"wp:term":[{"taxonomy":"product_brand","embeddable":true,"href":"https:\/\/armyeats.pl\/index.php\/wp-json\/wp\/v2\/product_brand?post=124"},{"taxonomy":"product_cat","embeddable":true,"href":"https:\/\/armyeats.pl\/index.php\/wp-json\/wp\/v2\/product_cat?post=124"},{"taxonomy":"product_tag","embeddable":true,"href":"https:\/\/armyeats.pl\/index.php\/wp-json\/wp\/v2\/product_tag?post=124"}],"curies":[{"name":"wp","href":"https:\/\/api.w.org\/{rel}","templated":true}]}}