{"id":315,"date":"2026-03-16T22:52:23","date_gmt":"2026-03-16T21:52:23","guid":{"rendered":"https:\/\/armyeats.pl\/?post_type=product&#038;p=315"},"modified":"2026-03-16T22:52:23","modified_gmt":"2026-03-16T21:52:23","slug":"losos-w-sosie-slodko-kwasnym","status":"publish","type":"product","link":"https:\/\/armyeats.pl\/index.php\/produkt\/losos-w-sosie-slodko-kwasnym\/","title":{"rendered":"\u0141OSO\u015a W SOSIE S\u0141ODKO-KWA\u015aNYM"},"content":{"rendered":"","protected":false},"excerpt":{"rendered":"<p>Delikatnie sma\u017cony filet z \u0142ososia, podawany z sosem \u0142\u0105cz\u0105cym nuty s\u0142odyczy i kwasowo\u015bci<\/p>\n","protected":false},"featured_media":316,"comment_status":"open","ping_status":"closed","template":"","meta":{"jetpack_publicize_message":"","jetpack_publicize_feature_enabled":true,"jetpack_social_post_already_shared":false,"jetpack_social_options":{"image_generator_settings":{"template":"highway","default_image_id":0,"font":"","enabled":false},"version":2}},"product_brand":[],"product_cat":[25],"product_tag":[],"class_list":{"0":"post-315","1":"product","2":"type-product","3":"status-publish","4":"has-post-thumbnail","6":"product_cat-hoi-an","8":"first","9":"instock","10":"taxable","11":"shipping-taxable","12":"purchasable","13":"product-type-simple"},"jetpack_publicize_connections":[],"jetpack_sharing_enabled":true,"_links":{"self":[{"href":"https:\/\/armyeats.pl\/index.php\/wp-json\/wp\/v2\/product\/315","targetHints":{"allow":["GET"]}}],"collection":[{"href":"https:\/\/armyeats.pl\/index.php\/wp-json\/wp\/v2\/product"}],"about":[{"href":"https:\/\/armyeats.pl\/index.php\/wp-json\/wp\/v2\/types\/product"}],"replies":[{"embeddable":true,"href":"https:\/\/armyeats.pl\/index.php\/wp-json\/wp\/v2\/comments?post=315"}],"wp:featuredmedia":[{"embeddable":true,"href":"https:\/\/armyeats.pl\/index.php\/wp-json\/wp\/v2\/media\/316"}],"wp:attachment":[{"href":"https:\/\/armyeats.pl\/index.php\/wp-json\/wp\/v2\/media?parent=315"}],"wp:term":[{"taxonomy":"product_brand","embeddable":true,"href":"https:\/\/armyeats.pl\/index.php\/wp-json\/wp\/v2\/product_brand?post=315"},{"taxonomy":"product_cat","embeddable":true,"href":"https:\/\/armyeats.pl\/index.php\/wp-json\/wp\/v2\/product_cat?post=315"},{"taxonomy":"product_tag","embeddable":true,"href":"https:\/\/armyeats.pl\/index.php\/wp-json\/wp\/v2\/product_tag?post=315"}],"curies":[{"name":"wp","href":"https:\/\/api.w.org\/{rel}","templated":true}]}}