{"id":359,"date":"2026-03-17T19:14:37","date_gmt":"2026-03-17T18:14:37","guid":{"rendered":"https:\/\/armyeats.pl\/?post_type=product&#038;p=359"},"modified":"2026-03-24T21:36:20","modified_gmt":"2026-03-24T20:36:20","slug":"5-kowboj","status":"publish","type":"product","link":"https:\/\/armyeats.pl\/index.php\/produkt\/5-kowboj\/","title":{"rendered":"#5 KOWBOJ"},"content":{"rendered":"","protected":false},"excerpt":{"rendered":"<p>Frytki, bu\u0142ka, sos bbq, salsa, sa\u0142ata, kr\u0105\u017cki cebulowe, wo\u0142owina, ser, bekon, pomidor, og\u00f3rek<\/p>\n","protected":false},"featured_media":360,"comment_status":"open","ping_status":"closed","template":"","meta":{"jetpack_publicize_message":"","jetpack_publicize_feature_enabled":true,"jetpack_social_post_already_shared":false,"jetpack_social_options":{"image_generator_settings":{"template":"highway","default_image_id":0,"font":"","enabled":false},"version":2}},"product_brand":[],"product_cat":[30],"product_tag":[],"class_list":{"0":"post-359","1":"product","2":"type-product","3":"status-publish","4":"has-post-thumbnail","6":"product_cat-foodshack","8":"first","9":"instock","10":"taxable","11":"shipping-taxable","12":"purchasable","13":"product-type-simple"},"jetpack_publicize_connections":[],"jetpack_sharing_enabled":true,"_links":{"self":[{"href":"https:\/\/armyeats.pl\/index.php\/wp-json\/wp\/v2\/product\/359","targetHints":{"allow":["GET"]}}],"collection":[{"href":"https:\/\/armyeats.pl\/index.php\/wp-json\/wp\/v2\/product"}],"about":[{"href":"https:\/\/armyeats.pl\/index.php\/wp-json\/wp\/v2\/types\/product"}],"replies":[{"embeddable":true,"href":"https:\/\/armyeats.pl\/index.php\/wp-json\/wp\/v2\/comments?post=359"}],"wp:featuredmedia":[{"embeddable":true,"href":"https:\/\/armyeats.pl\/index.php\/wp-json\/wp\/v2\/media\/360"}],"wp:attachment":[{"href":"https:\/\/armyeats.pl\/index.php\/wp-json\/wp\/v2\/media?parent=359"}],"wp:term":[{"taxonomy":"product_brand","embeddable":true,"href":"https:\/\/armyeats.pl\/index.php\/wp-json\/wp\/v2\/product_brand?post=359"},{"taxonomy":"product_cat","embeddable":true,"href":"https:\/\/armyeats.pl\/index.php\/wp-json\/wp\/v2\/product_cat?post=359"},{"taxonomy":"product_tag","embeddable":true,"href":"https:\/\/armyeats.pl\/index.php\/wp-json\/wp\/v2\/product_tag?post=359"}],"curies":[{"name":"wp","href":"https:\/\/api.w.org\/{rel}","templated":true}]}}