{"id":370,"date":"2026-03-17T20:34:00","date_gmt":"2026-03-17T19:34:00","guid":{"rendered":"https:\/\/armyeats.pl\/?post_type=product&#038;p=370"},"modified":"2026-03-24T21:39:16","modified_gmt":"2026-03-24T20:39:16","slug":"1-cheeseburger","status":"publish","type":"product","link":"https:\/\/armyeats.pl\/index.php\/produkt\/1-cheeseburger\/","title":{"rendered":"#1 CHEESEBURGER"},"content":{"rendered":"","protected":false},"excerpt":{"rendered":"<p>Frytki, bu\u0142ka, sos bbq, majonez, sa\u0142ata, wo\u0142owina, ser, bekon, pomidor, og\u00f3rek, cebulka<\/p>\n","protected":false},"featured_media":371,"comment_status":"open","ping_status":"closed","template":"","meta":{"jetpack_publicize_message":"","jetpack_publicize_feature_enabled":true,"jetpack_social_post_already_shared":false,"jetpack_social_options":{"image_generator_settings":{"template":"highway","default_image_id":0,"font":"","enabled":false},"version":2}},"product_brand":[],"product_cat":[30],"product_tag":[],"class_list":{"0":"post-370","1":"product","2":"type-product","3":"status-publish","4":"has-post-thumbnail","6":"product_cat-foodshack","8":"first","9":"instock","10":"taxable","11":"shipping-taxable","12":"purchasable","13":"product-type-simple"},"jetpack_publicize_connections":[],"jetpack_sharing_enabled":true,"_links":{"self":[{"href":"https:\/\/armyeats.pl\/index.php\/wp-json\/wp\/v2\/product\/370","targetHints":{"allow":["GET"]}}],"collection":[{"href":"https:\/\/armyeats.pl\/index.php\/wp-json\/wp\/v2\/product"}],"about":[{"href":"https:\/\/armyeats.pl\/index.php\/wp-json\/wp\/v2\/types\/product"}],"replies":[{"embeddable":true,"href":"https:\/\/armyeats.pl\/index.php\/wp-json\/wp\/v2\/comments?post=370"}],"wp:featuredmedia":[{"embeddable":true,"href":"https:\/\/armyeats.pl\/index.php\/wp-json\/wp\/v2\/media\/371"}],"wp:attachment":[{"href":"https:\/\/armyeats.pl\/index.php\/wp-json\/wp\/v2\/media?parent=370"}],"wp:term":[{"taxonomy":"product_brand","embeddable":true,"href":"https:\/\/armyeats.pl\/index.php\/wp-json\/wp\/v2\/product_brand?post=370"},{"taxonomy":"product_cat","embeddable":true,"href":"https:\/\/armyeats.pl\/index.php\/wp-json\/wp\/v2\/product_cat?post=370"},{"taxonomy":"product_tag","embeddable":true,"href":"https:\/\/armyeats.pl\/index.php\/wp-json\/wp\/v2\/product_tag?post=370"}],"curies":[{"name":"wp","href":"https:\/\/api.w.org\/{rel}","templated":true}]}}